{"id":6,"date":"2023-07-25T19:37:34","date_gmt":"2023-07-25T17:37:34","guid":{"rendered":"http:\/\/wohnmobile-unter-5000-euro.de\/wordpress\/?page_id=6"},"modified":"2025-11-15T15:27:50","modified_gmt":"2025-11-15T14:27:50","slug":"gestalte-deine-website-mit-bloecken","status":"publish","type":"page","link":"https:\/\/wohnmobile-unter-5000-euro.de\/wordpress\/","title":{"rendered":"Wohnmobile unter 5.000 Euro"},"content":{"rendered":"\r\n<div class=\"wp-block-spacer\" style=\"height: 0px;\" aria-hidden=\"true\">\u00a0<\/div>\r\n\r\n\r\n\r\n<h4 class=\"has-text-align-center has-black-color has-text-color has-background has-big-font-size\" style=\"background-color: #ebebeb; padding-left: 40px;\"><strong><span style=\"color: #bd181c;\">HERZLICH WILLKOMMEN<\/span><br \/><br \/><\/strong>Wenn Sie sehr g\u00fcnstig und dennoch ohne Risiken ein Wohnmobil kaufen m\u00f6chten, dann sind Sie hier genau richtig!\u00a0Ich zeige Ihnen, wie Sie auch als bisheriger Laie im tiefstm\u00f6glichen Preissegment am Gebrauchtmarkt ein zuverl\u00e4ssiges Fahrzeug finden. <br \/><br \/>Erstbesucher <a href=\"http:\/\/wohnmobile-unter-5000-euro.de\/wordpress\/starten-sie-hier\/\"><strong>starten bitte hier<\/strong><\/a>.<br \/><br \/><\/h4>\r\n<p>&nbsp;<\/p>\r\n<p>&nbsp;<\/p>\r\n<h3 class=\"wp-block-heading has-text-color\" style=\"color: #bd181c; font-size: 26px; text-align: center;\"><strong>Die neuesten Beitr\u00e4ge<\/strong><\/h3>\r\n<p style=\"text-align: center;\"><div class=\"pt-cv-wrapper\"><div class=\"pt-cv-view pt-cv-grid pt-cv-colsys\" id=\"pt-cv-view-a14b43fvog\"><div data-id=\"pt-cv-page-1\" class=\"pt-cv-page\" data-cvc=\"2\"><div class=\"col-md-6 col-sm-6 col-xs-6 pt-cv-content-item pt-cv-2-col\" ><div class='pt-cv-ifield'><a href=\"https:\/\/wohnmobile-unter-5000-euro.de\/wordpress\/2024\/11\/04\/geeignetes-basisfahrzeug-fuer-reisen-in-ferne-laender-weltreisen\/\" class=\"_self pt-cv-href-thumbnail pt-cv-thumb-left\" target=\"_self\" ><img loading=\"lazy\" decoding=\"async\" width=\"300\" height=\"259\" src=\"https:\/\/wohnmobile-unter-5000-euro.de\/wordpress\/wp-content\/uploads\/2024\/11\/EA24DD34-6AF7-4A54-BDF8-8985C6DF723E-300x259.jpeg\" class=\"pt-cv-thumbnail pull-left\" alt=\"\" style=\"width:100%;height:86.5%;max-width:600px;\" \/><\/a>\n<div class=\"pt-cv-colwrap\"><h4 class=\"pt-cv-title\"><a href=\"https:\/\/wohnmobile-unter-5000-euro.de\/wordpress\/2024\/11\/04\/geeignetes-basisfahrzeug-fuer-reisen-in-ferne-laender-weltreisen\/\" class=\"_self\" target=\"_self\" >Geeignete Basisfahrzeuge f\u00fcr Reisen in ferne L\u00e4nder<\/a><\/h4><\/div><\/div><\/div>\n<div class=\"col-md-6 col-sm-6 col-xs-6 pt-cv-content-item pt-cv-2-col\" ><div class='pt-cv-ifield'><a href=\"https:\/\/wohnmobile-unter-5000-euro.de\/wordpress\/2024\/10\/18\/kfz-steuer-eines-wohnmobils-selbst-berechnen\/\" class=\"_self pt-cv-href-thumbnail pt-cv-thumb-left\" target=\"_self\" ><img loading=\"lazy\" decoding=\"async\" width=\"300\" height=\"291\" src=\"https:\/\/wohnmobile-unter-5000-euro.de\/wordpress\/wp-content\/uploads\/2024\/10\/2BA63016-B5DA-4BF6-B824-E0638709F4E3-300x291.png\" class=\"pt-cv-thumbnail pull-left\" alt=\"\" style=\"width:100%;height:96.83%;max-width:600px;\" \/><\/a>\n<div class=\"pt-cv-colwrap\"><h4 class=\"pt-cv-title\"><a href=\"https:\/\/wohnmobile-unter-5000-euro.de\/wordpress\/2024\/10\/18\/kfz-steuer-eines-wohnmobils-selbst-berechnen\/\" class=\"_self\" target=\"_self\" >KFZ-Steuer eines Wohnmobils selbst berechnen<\/a><\/h4><\/div><\/div><\/div>\n<div class=\"col-md-6 col-sm-6 col-xs-6 pt-cv-content-item pt-cv-2-col\" ><div class='pt-cv-ifield'><a href=\"https:\/\/wohnmobile-unter-5000-euro.de\/wordpress\/2024\/02\/19\/warum-kleinanzeigen-das-die-beste-onlineboerse-fuer-guenstige-gebrauchte-wohnmobile-ist\/\" class=\"_self pt-cv-href-thumbnail pt-cv-thumb-left\" target=\"_self\" ><img loading=\"lazy\" decoding=\"async\" width=\"300\" height=\"262\" src=\"https:\/\/wohnmobile-unter-5000-euro.de\/wordpress\/wp-content\/uploads\/2024\/02\/3BC80D4B-B545-4BA1-8FE9-1630EF5E53D3-300x262.png\" class=\"pt-cv-thumbnail pull-left\" alt=\"\" style=\"width:100%;height:87.33%;max-width:600px;\" \/><\/a>\n<div class=\"pt-cv-colwrap\"><h4 class=\"pt-cv-title\"><a href=\"https:\/\/wohnmobile-unter-5000-euro.de\/wordpress\/2024\/02\/19\/warum-kleinanzeigen-das-die-beste-onlineboerse-fuer-guenstige-gebrauchte-wohnmobile-ist\/\" class=\"_self\" target=\"_self\" >Warum KLEINANZEIGEN die beste Onlineb\u00f6rse f\u00fcr sehr g\u00fcnstige gebrauchte Wohnmobile ist<\/a><\/h4><\/div><\/div><\/div>\n<div class=\"col-md-6 col-sm-6 col-xs-6 pt-cv-content-item pt-cv-2-col\" ><div class='pt-cv-ifield'><a href=\"https:\/\/wohnmobile-unter-5000-euro.de\/wordpress\/2024\/01\/16\/gutachten-fuer-aeltere-wohnmobile\/\" class=\"_self pt-cv-href-thumbnail pt-cv-thumb-left\" target=\"_self\" ><img loading=\"lazy\" decoding=\"async\" width=\"300\" height=\"262\" src=\"https:\/\/wohnmobile-unter-5000-euro.de\/wordpress\/wp-content\/uploads\/2024\/01\/8C8F35E6-7FE7-4461-8412-8D03F84710C0-300x262.png\" class=\"pt-cv-thumbnail pull-left\" alt=\"\" style=\"width:100%;height:87.33%;max-width:600px;\" \/><\/a>\n<div class=\"pt-cv-colwrap\"><h4 class=\"pt-cv-title\"><a href=\"https:\/\/wohnmobile-unter-5000-euro.de\/wordpress\/2024\/01\/16\/gutachten-fuer-aeltere-wohnmobile\/\" class=\"_self\" target=\"_self\" >Tipp: Gebrauchtwagencheck oder T\u00dcV-Pr\u00fcfung vor dem Gebrauchtkauf \u00e4lterer Wohnmobile<\/a><\/h4><\/div><\/div><\/div>\n<div class=\"col-md-6 col-sm-6 col-xs-6 pt-cv-content-item pt-cv-2-col\" ><div class='pt-cv-ifield'><a href=\"https:\/\/wohnmobile-unter-5000-euro.de\/wordpress\/2024\/01\/15\/ein-wohnmobil-ohne-tuev-kaufen\/\" class=\"_self pt-cv-href-thumbnail pt-cv-thumb-left\" target=\"_self\" ><img loading=\"lazy\" decoding=\"async\" width=\"300\" height=\"262\" src=\"https:\/\/wohnmobile-unter-5000-euro.de\/wordpress\/wp-content\/uploads\/2024\/01\/90FE2CF9-7915-4CDA-B4A6-052622C43EB8-300x262.png\" class=\"pt-cv-thumbnail pull-left\" alt=\"\" style=\"width:100%;height:87.33%;max-width:600px;\" \/><\/a>\n<div class=\"pt-cv-colwrap\"><h4 class=\"pt-cv-title\"><a href=\"https:\/\/wohnmobile-unter-5000-euro.de\/wordpress\/2024\/01\/15\/ein-wohnmobil-ohne-tuev-kaufen\/\" class=\"_self\" target=\"_self\" >So geht es: Mit einem Wohnmobil ohne T\u00dcV legal zur Hauptuntersuchung fahren<\/a><\/h4><\/div><\/div><\/div>\n<div class=\"col-md-6 col-sm-6 col-xs-6 pt-cv-content-item pt-cv-2-col\" ><div class='pt-cv-ifield'><a href=\"https:\/\/wohnmobile-unter-5000-euro.de\/wordpress\/2024\/01\/13\/wohnmobile-sind-nichts-fuer-couchpotatos-und-fans-von-pauschalurlaub\/\" class=\"_self pt-cv-href-thumbnail pt-cv-thumb-left\" target=\"_self\" ><img loading=\"lazy\" decoding=\"async\" width=\"300\" height=\"262\" src=\"https:\/\/wohnmobile-unter-5000-euro.de\/wordpress\/wp-content\/uploads\/2024\/01\/B9A18371-2888-4857-B138-F63AF68AA523-300x262.png\" class=\"pt-cv-thumbnail pull-left\" alt=\"\" style=\"width:100%;height:87.33%;max-width:1578px;\" \/><\/a>\n<div class=\"pt-cv-colwrap\"><h4 class=\"pt-cv-title\"><a href=\"https:\/\/wohnmobile-unter-5000-euro.de\/wordpress\/2024\/01\/13\/wohnmobile-sind-nichts-fuer-couchpotatos-und-fans-von-pauschalurlaub\/\" class=\"_self\" target=\"_self\" >Ein bisschen &#8220;Selbst ist der Mann&#8221; muss in jedem Wohnmobilisten stecken<\/a><\/h4><\/div><\/div><\/div>\n<div class=\"col-md-6 col-sm-6 col-xs-6 pt-cv-content-item pt-cv-2-col\" ><div class='pt-cv-ifield'><a href=\"https:\/\/wohnmobile-unter-5000-euro.de\/wordpress\/2024\/01\/02\/wichtig-beim-kauf-von-wohnmobilen-feuchtigkeitstester\/\" class=\"_self pt-cv-href-thumbnail pt-cv-thumb-left\" target=\"_self\" ><img loading=\"lazy\" decoding=\"async\" width=\"300\" height=\"262\" src=\"https:\/\/wohnmobile-unter-5000-euro.de\/wordpress\/wp-content\/uploads\/2024\/01\/E6B9508D-A911-42A9-9497-C50FBD43A130-300x262.png\" class=\"pt-cv-thumbnail pull-left\" alt=\"\" style=\"width:100%;height:87.33%;max-width:600px;\" \/><\/a>\n<div class=\"pt-cv-colwrap\"><h4 class=\"pt-cv-title\"><a href=\"https:\/\/wohnmobile-unter-5000-euro.de\/wordpress\/2024\/01\/02\/wichtig-beim-kauf-von-wohnmobilen-feuchtigkeitstester\/\" class=\"_self\" target=\"_self\" >Entscheidend beim Wohnmobil-Gebrauchtkauf: \u00dcberpr\u00fcfung auf Wassersch\u00e4den<\/a><\/h4><\/div><\/div><\/div>\n<div class=\"col-md-6 col-sm-6 col-xs-6 pt-cv-content-item pt-cv-2-col\" ><div class='pt-cv-ifield'><a href=\"https:\/\/wohnmobile-unter-5000-euro.de\/wordpress\/2023\/12\/20\/checkliste-fuer-den-gebrauchtkauf-alter-wohnmobile\/\" class=\"_self pt-cv-href-thumbnail pt-cv-thumb-left\" target=\"_self\" ><img loading=\"lazy\" decoding=\"async\" width=\"300\" height=\"291\" src=\"https:\/\/wohnmobile-unter-5000-euro.de\/wordpress\/wp-content\/uploads\/2023\/12\/AA8D1B91-E648-4765-B14A-B022140F25A1-300x291.png\" class=\"pt-cv-thumbnail pull-left\" alt=\"\" style=\"width:100%;height:96.83%;max-width:600px;\" \/><\/a>\n<div class=\"pt-cv-colwrap\"><h4 class=\"pt-cv-title\"><a href=\"https:\/\/wohnmobile-unter-5000-euro.de\/wordpress\/2023\/12\/20\/checkliste-fuer-den-gebrauchtkauf-alter-wohnmobile\/\" class=\"_self\" target=\"_self\" >Gro\u00dfe Checkliste &#8211; die Schritte zum erfolgreichen Wohnmobil-Gebrauchtkauf<\/a><\/h4><\/div><\/div><\/div>\n<div class=\"col-md-6 col-sm-6 col-xs-6 pt-cv-content-item pt-cv-2-col\" ><div class='pt-cv-ifield'><a href=\"https:\/\/wohnmobile-unter-5000-euro.de\/wordpress\/2023\/12\/15\/welches-sind-die-verbreitetsten-basisfahrzeuge-alter-wohnmobile\/\" class=\"_self pt-cv-href-thumbnail pt-cv-thumb-left\" target=\"_self\" ><img loading=\"lazy\" decoding=\"async\" width=\"300\" height=\"262\" src=\"https:\/\/wohnmobile-unter-5000-euro.de\/wordpress\/wp-content\/uploads\/2023\/12\/357487FE-3650-4A55-BCC9-7BF4527A7860-300x262.png\" class=\"pt-cv-thumbnail pull-left\" alt=\"\" style=\"width:100%;height:87.33%;max-width:600px;\" \/><\/a>\n<div class=\"pt-cv-colwrap\"><h4 class=\"pt-cv-title\"><a href=\"https:\/\/wohnmobile-unter-5000-euro.de\/wordpress\/2023\/12\/15\/welches-sind-die-verbreitetsten-basisfahrzeuge-alter-wohnmobile\/\" class=\"_self\" target=\"_self\" >Die g\u00e4ngigsten und zuverl\u00e4ssigsten Basisfahrzeuge von Wohnmobilen aus den 1970\u00b4ern bis 1990\u00b4ern<\/a><\/h4><\/div><\/div><\/div>\n<div class=\"col-md-6 col-sm-6 col-xs-6 pt-cv-content-item pt-cv-2-col\" ><div class='pt-cv-ifield'><a href=\"https:\/\/wohnmobile-unter-5000-euro.de\/wordpress\/2023\/10\/12\/erlaubtes-freistehen-in-deutschland-zur-wiederherstellung-der-fahrbereitschaft\/\" class=\"_self pt-cv-href-thumbnail pt-cv-thumb-left\" target=\"_self\" ><img loading=\"lazy\" decoding=\"async\" width=\"300\" height=\"202\" src=\"https:\/\/wohnmobile-unter-5000-euro.de\/wordpress\/wp-content\/uploads\/2023\/10\/B3861002-948C-45D3-B7F7-9A99897F912A-300x202.png\" class=\"pt-cv-thumbnail pull-left\" alt=\"\" style=\"width:100%;height:67.5%;max-width:600px;\" \/><\/a>\n<div class=\"pt-cv-colwrap\"><h4 class=\"pt-cv-title\"><a href=\"https:\/\/wohnmobile-unter-5000-euro.de\/wordpress\/2023\/10\/12\/erlaubtes-freistehen-in-deutschland-zur-wiederherstellung-der-fahrbereitschaft\/\" class=\"_self\" target=\"_self\" >Verbreiteter Irrglaube? Ist das Freistehen in Deutschland zur &#8220;Wiederherstellung der Fahrtauglichkeit&#8221; wirklich erlaubt?<\/a><\/h4><\/div><\/div><\/div>\n<div class=\"col-md-6 col-sm-6 col-xs-6 pt-cv-content-item pt-cv-2-col\" ><div class='pt-cv-ifield'><a href=\"https:\/\/wohnmobile-unter-5000-euro.de\/wordpress\/2023\/10\/07\/ausnahme-aufstelldach\/\" class=\"_self pt-cv-href-thumbnail pt-cv-thumb-left\" target=\"_self\" ><img loading=\"lazy\" decoding=\"async\" width=\"300\" height=\"262\" src=\"https:\/\/wohnmobile-unter-5000-euro.de\/wordpress\/wp-content\/uploads\/2023\/10\/5C5DEFA4-705D-4D95-8484-649AD5B9454B-300x262.png\" class=\"pt-cv-thumbnail pull-left\" alt=\"\" style=\"width:100%;height:87.33%;max-width:600px;\" \/><\/a>\n<div class=\"pt-cv-colwrap\"><h4 class=\"pt-cv-title\"><a href=\"https:\/\/wohnmobile-unter-5000-euro.de\/wordpress\/2023\/10\/07\/ausnahme-aufstelldach\/\" class=\"_self\" target=\"_self\" >Ausnahme &#8220;Aufstelldach&#8221;: Ist das ein Campervan oder ein Wohnmobil?<\/a><\/h4><\/div><\/div><\/div>\n<div class=\"col-md-6 col-sm-6 col-xs-6 pt-cv-content-item pt-cv-2-col\" ><div class='pt-cv-ifield'><a href=\"https:\/\/wohnmobile-unter-5000-euro.de\/wordpress\/2023\/10\/06\/verwirrung-rund-um-begriff-campervan-welche-wohnmobil-bauform-ist-damit-gemeint\/\" class=\"_self pt-cv-href-thumbnail pt-cv-thumb-left\" target=\"_self\" ><img loading=\"lazy\" decoding=\"async\" width=\"300\" height=\"262\" src=\"https:\/\/wohnmobile-unter-5000-euro.de\/wordpress\/wp-content\/uploads\/2023\/10\/AEAC5DC1-3C9C-4D4F-B09F-5C0B0F2A8E33-300x262.png\" class=\"pt-cv-thumbnail pull-left\" alt=\"\" style=\"width:100%;height:87.33%;max-width:600px;\" \/><\/a>\n<div class=\"pt-cv-colwrap\"><h4 class=\"pt-cv-title\"><a href=\"https:\/\/wohnmobile-unter-5000-euro.de\/wordpress\/2023\/10\/06\/verwirrung-rund-um-begriff-campervan-welche-wohnmobil-bauform-ist-damit-gemeint\/\" class=\"_self\" target=\"_self\" >Bauformen-Wirrwarr: Ein Kastenwagen ist kein Campervan und ein Campervan ist kein Wohnmobil!<\/a><\/h4><\/div><\/div><\/div>\n<div class=\"col-md-6 col-sm-6 col-xs-6 pt-cv-content-item pt-cv-2-col\" ><div class='pt-cv-ifield'><a href=\"https:\/\/wohnmobile-unter-5000-euro.de\/wordpress\/2023\/10\/01\/auf-die-groesse-kommt-es-an\/\" class=\"_self pt-cv-href-thumbnail pt-cv-thumb-left\" target=\"_self\" ><img loading=\"lazy\" decoding=\"async\" width=\"300\" height=\"262\" src=\"https:\/\/wohnmobile-unter-5000-euro.de\/wordpress\/wp-content\/uploads\/2023\/10\/01CDB992-60E6-4B19-84C3-F3D1113E2F64-300x262.png\" class=\"pt-cv-thumbnail pull-left\" alt=\"\" style=\"width:100%;height:87.33%;max-width:600px;\" \/><\/a>\n<div class=\"pt-cv-colwrap\"><h4 class=\"pt-cv-title\"><a href=\"https:\/\/wohnmobile-unter-5000-euro.de\/wordpress\/2023\/10\/01\/auf-die-groesse-kommt-es-an\/\" class=\"_self\" target=\"_self\" >Auf die Gr\u00f6\u00dfe kommt es an! Es gibt zwei v\u00f6llig unterschiedliche Arten von Wohnmobilen!<\/a><\/h4><\/div><\/div><\/div>\n<div class=\"col-md-6 col-sm-6 col-xs-6 pt-cv-content-item pt-cv-2-col\" ><div class='pt-cv-ifield'><a href=\"https:\/\/wohnmobile-unter-5000-euro.de\/wordpress\/2023\/09\/17\/kleines-wohnmobil-a-bis-z-fuer-einsteiger\/\" class=\"_self pt-cv-href-thumbnail pt-cv-thumb-left\" target=\"_self\" ><img loading=\"lazy\" decoding=\"async\" width=\"300\" height=\"262\" src=\"https:\/\/wohnmobile-unter-5000-euro.de\/wordpress\/wp-content\/uploads\/2023\/09\/856D2A1E-91E5-43AA-9E16-1C2DC13E8C6C-300x262.png\" class=\"pt-cv-thumbnail pull-left\" alt=\"\" style=\"width:100%;height:87.33%;max-width:600px;\" \/><\/a>\n<div class=\"pt-cv-colwrap\"><h4 class=\"pt-cv-title\"><a href=\"https:\/\/wohnmobile-unter-5000-euro.de\/wordpress\/2023\/09\/17\/kleines-wohnmobil-a-bis-z-fuer-einsteiger\/\" class=\"_self\" target=\"_self\" >Wohnmobil A bis Z &#8211; ein kleines Lexikon<\/a><\/h4><\/div><\/div><\/div>\n<div class=\"col-md-6 col-sm-6 col-xs-6 pt-cv-content-item pt-cv-2-col\" ><div class='pt-cv-ifield'><a href=\"https:\/\/wohnmobile-unter-5000-euro.de\/wordpress\/2023\/09\/16\/wohnmobil-gigantomanie-teil-3\/\" class=\"_self pt-cv-href-thumbnail pt-cv-thumb-left\" target=\"_self\" ><img loading=\"lazy\" decoding=\"async\" width=\"300\" height=\"242\" src=\"https:\/\/wohnmobile-unter-5000-euro.de\/wordpress\/wp-content\/uploads\/2023\/09\/3BECBB82-C2DC-46A2-961B-591F0054720C-300x242.png\" class=\"pt-cv-thumbnail pull-left\" alt=\"\" style=\"width:100%;height:80.67%;max-width:600px;\" \/><\/a>\n<div class=\"pt-cv-colwrap\"><h4 class=\"pt-cv-title\"><a href=\"https:\/\/wohnmobile-unter-5000-euro.de\/wordpress\/2023\/09\/16\/wohnmobil-gigantomanie-teil-3\/\" class=\"_self\" target=\"_self\" >Wohnmobil-Gigantomanie Teil 3<\/a><\/h4><\/div><\/div><\/div>\n<div class=\"col-md-6 col-sm-6 col-xs-6 pt-cv-content-item pt-cv-2-col\" ><div class='pt-cv-ifield'><a href=\"https:\/\/wohnmobile-unter-5000-euro.de\/wordpress\/2023\/09\/16\/wohnmobil-gigantomanie-teil-2\/\" class=\"_self pt-cv-href-thumbnail pt-cv-thumb-left\" target=\"_self\" ><img loading=\"lazy\" decoding=\"async\" width=\"300\" height=\"242\" src=\"https:\/\/wohnmobile-unter-5000-euro.de\/wordpress\/wp-content\/uploads\/2023\/09\/D7863275-1185-45EE-A07D-F81E3C7267C2-300x242.png\" class=\"pt-cv-thumbnail pull-left\" alt=\"\" style=\"width:100%;height:80.67%;max-width:600px;\" \/><\/a>\n<div class=\"pt-cv-colwrap\"><h4 class=\"pt-cv-title\"><a href=\"https:\/\/wohnmobile-unter-5000-euro.de\/wordpress\/2023\/09\/16\/wohnmobil-gigantomanie-teil-2\/\" class=\"_self\" target=\"_self\" >Wohnmobil-Gigantomanie Teil 2<\/a><\/h4><\/div><\/div><\/div>\n<div class=\"col-md-6 col-sm-6 col-xs-6 pt-cv-content-item pt-cv-2-col\" ><div class='pt-cv-ifield'><a href=\"https:\/\/wohnmobile-unter-5000-euro.de\/wordpress\/2023\/09\/15\/2081\/\" class=\"_self pt-cv-href-thumbnail pt-cv-thumb-left\" target=\"_self\" ><img loading=\"lazy\" decoding=\"async\" width=\"300\" height=\"243\" src=\"https:\/\/wohnmobile-unter-5000-euro.de\/wordpress\/wp-content\/uploads\/2023\/09\/06EED432-388A-4F43-9D85-DD8392C884FD-300x243.png\" class=\"pt-cv-thumbnail pull-left\" alt=\"\" style=\"width:100%;height:81%;max-width:600px;\" \/><\/a>\n<div class=\"pt-cv-colwrap\"><h4 class=\"pt-cv-title\"><a href=\"https:\/\/wohnmobile-unter-5000-euro.de\/wordpress\/2023\/09\/15\/2081\/\" class=\"_self\" target=\"_self\" >Wohnmobil-Gigantomanie Teil 1<\/a><\/h4><\/div><\/div><\/div>\n<div class=\"col-md-6 col-sm-6 col-xs-6 pt-cv-content-item pt-cv-2-col\" ><div class='pt-cv-ifield'><a href=\"https:\/\/wohnmobile-unter-5000-euro.de\/wordpress\/2023\/07\/25\/kanalstart\/\" class=\"_self pt-cv-href-thumbnail pt-cv-thumb-left\" target=\"_self\" ><img loading=\"lazy\" decoding=\"async\" width=\"300\" height=\"150\" src=\"https:\/\/wohnmobile-unter-5000-euro.de\/wordpress\/wp-content\/uploads\/2023\/07\/6130145E-8ECB-4691-9B58-F336AB347283-300x150.jpeg\" class=\"pt-cv-thumbnail pull-left\" alt=\"\" style=\"width:100%;height:50%;max-width:600px;\" \/><\/a>\n<div class=\"pt-cv-colwrap\"><h4 class=\"pt-cv-title\"><a href=\"https:\/\/wohnmobile-unter-5000-euro.de\/wordpress\/2023\/07\/25\/kanalstart\/\" class=\"_self\" target=\"_self\" >Start Ende November 2023 &#8211; Begr\u00fc\u00dfungsbeitrag<\/a><\/h4><\/div><\/div><\/div><\/div><\/div><\/div><\/p>","protected":false},"excerpt":{"rendered":"<p>HERZLICH WILLKOMMEN Wenn Sie sehr g\u00fcnstig und dennoch ohne Risiken ein Wohnmobil kaufen m\u00f6chten, dann sind Sie hier genau richtig!\u00a0Ich zeige Ihnen, wie Sie auch als bisheriger Laie im tiefstm\u00f6glichen Preissegment am Gebrauchtmarkt ein zuverl\u00e4ssiges Fahrzeug finden. Erstbesucher starten bitte hier. &nbsp; &nbsp; Die neuesten Beitr\u00e4ge<\/p>\n","protected":false},"author":1,"featured_media":0,"parent":0,"menu_order":0,"comment_status":"closed","ping_status":"closed","template":"","meta":{"footnotes":""},"class_list":["post-6","page","type-page","status-publish","hentry","entry"],"_links":{"self":[{"href":"https:\/\/wohnmobile-unter-5000-euro.de\/wordpress\/wp-json\/wp\/v2\/pages\/6","targetHints":{"allow":["GET"]}}],"collection":[{"href":"https:\/\/wohnmobile-unter-5000-euro.de\/wordpress\/wp-json\/wp\/v2\/pages"}],"about":[{"href":"https:\/\/wohnmobile-unter-5000-euro.de\/wordpress\/wp-json\/wp\/v2\/types\/page"}],"author":[{"embeddable":true,"href":"https:\/\/wohnmobile-unter-5000-euro.de\/wordpress\/wp-json\/wp\/v2\/users\/1"}],"replies":[{"embeddable":true,"href":"https:\/\/wohnmobile-unter-5000-euro.de\/wordpress\/wp-json\/wp\/v2\/comments?post=6"}],"version-history":[{"count":976,"href":"https:\/\/wohnmobile-unter-5000-euro.de\/wordpress\/wp-json\/wp\/v2\/pages\/6\/revisions"}],"predecessor-version":[{"id":3546,"href":"https:\/\/wohnmobile-unter-5000-euro.de\/wordpress\/wp-json\/wp\/v2\/pages\/6\/revisions\/3546"}],"wp:attachment":[{"href":"https:\/\/wohnmobile-unter-5000-euro.de\/wordpress\/wp-json\/wp\/v2\/media?parent=6"}],"curies":[{"name":"wp","href":"https:\/\/api.w.org\/{rel}","templated":true}]}}