{"id":3191,"date":"2024-03-03T03:22:50","date_gmt":"2024-03-03T02:22:50","guid":{"rendered":"http:\/\/wohnmobile-unter-5000-euro.de\/wordpress\/?page_id=3191"},"modified":"2025-11-16T00:55:08","modified_gmt":"2025-11-15T23:55:08","slug":"starten-sie-hier","status":"publish","type":"page","link":"https:\/\/wohnmobile-unter-5000-euro.de\/wordpress\/starten-sie-hier\/","title":{"rendered":"Worum geht es hier?"},"content":{"rendered":"\r\n<h3 class=\"wp-block-heading has-text-color\" style=\"color: #bd181c; font-size: 26px;\"><strong>Informieren spart Geld<\/strong><\/h3>\r\n\r\n<p>F\u00fcr ein zuverl\u00e4ssiges Wohnmobil m\u00fcssen Sie nicht unbedingt viel Geld ausgeben! Wenn Sie vor dem Kauf etwas Zeit investieren, um sich einige wichtige Kenntnisse anzueignen, k\u00f6nnen Sie erstens eine gute Vorauswahl zugunsten eines soliden und bew\u00e4hrten Modells treffen und zweitens das individuelle Fahrzeug bei der Besichtigung Punkt f\u00fcr Punkt gem\u00e4\u00df einer Checkliste genau \u00fcberpr\u00fcfen. Hier auf diesen Seiten sowie im gleichnamigen YouTube-Kanal zeige ich Ihnen, wie Sie auch als bisheriger Laie in Sachen KFZ-Technik und Wohnmobile zielgerichtet ein sehr g\u00fcnstiges und dabei dennoch zuverl\u00e4ssiges Exemplar ohne versteckte M\u00e4ngel finden. Dabei gebe ich Ihnen nicht nur allgemeine Hinweise, sondern erl\u00e4utere jeden Punkt ganz genau und laiengerecht. Mit diesem Wissen versetzen Sie sich in die Lage, auf sehr g\u00fcnstige gebrauchte Gef\u00e4hrte zur\u00fcckgreifen, ohne nach dem Kauf b\u00f6se \u00dcberraschungen zu erleben.\u00a0<\/p>\r\n<div class=\"wp-block-column is-vertically-aligned-top\">\r\n<p>&nbsp;<\/p>\r\n\r\n\r\n<\/div>\r\n<h3 class=\"wp-block-heading has-text-color\" style=\"color: #bd181c; font-size: 26px; text-align: left;\"><strong>Bereits ab 2500 Euro<\/strong><\/h3>\r\n<p><span style=\"color: var(--global--color-primary); font-family: var(--global--font-secondary); font-size: var(--global--font-size-base); background-color: var(--global--color-background);\">Aktuell werden am Gebrauchtmarkt schon f\u00fcr 2.500 bis 5.000 Euro reisefertige Wohnmobile angeboten. Oft mit noch g\u00fcltiger und manchmal sogar mit ganz neuer Hauptuntersuchung. Darunter befinden sich nat\u00fcrlich auch viele nicht empfehlenswerte Fahrzeuge, denn selbst eine neue Hauptuntersuchung sagt zum Beispiel nichts \u00fcber den Wohnaufbau aus. Aber es sind auch stets einige echte Perlen unter den Angeboten, die Sie mit Hilfe meiner Anleitungen zuk\u00fcnftig zuverl\u00e4ssig erkennen. Den Wohnaufbau k\u00f6nnen Sie dabei mit dem hier verf\u00fcgbaren Know-How selbst abschlie\u00dfend beurteilen. F\u00fcr die KFZ-Technik empfehle ich Ihnen jedoch, nach Ihrer eigenen von mir angeleiteten umfangreichen \u00dcberpr\u00fcfung\u00a0vor dem Kauf noch 40 bis 80 Euro in einen Gebrauchwagencheck zu investieren. So gehen Sie auf Nummer Sicher! Dank Ihrer hier erlernten sehr sorgf\u00e4ltigen eigenen Vorauswahl ist diese Investition in ein (noch) fremdes Fahrzeug kein zu gro\u00dfes Wagnis, denn in der Regel f\u00e4llt sp\u00e4testens beim zweiten Versuch dieser Art der Gebrauchtwagencheck der Profis positiv aus und Sie k\u00f6nnen das\u00a0<\/span><span style=\"color: var(--global--color-primary); font-family: var(--global--font-secondary); font-size: var(--global--font-size-base); background-color: var(--global--color-background);\">Wohnmobil ohne Bedenken kaufen.<\/span><\/p>\r\n<div class=\"wp-block-column is-vertically-aligned-top\">\r\n<p>&nbsp;<\/p>\r\n<p>&nbsp;<\/p>\r\n<div class=\"wp-block-column is-vertically-aligned-top\">\r\n<h3 class=\"wp-block-heading has-text-color\" style=\"color: #bd181c; font-size: 26px;\"><strong>Beitr\u00e4ge und Videos<br \/><br \/><\/strong><\/h3>\r\n<p>In den Beitr\u00e4gen auf dieser Website und in den Videos des zugeh\u00f6rigen <strong><a href=\"https:\/\/www.youtube.com\/@KANAL-Wohnmobile-unter5000Euro\" target=\"_blank\" rel=\"noopener\">YouTube-Kanals<\/a><\/strong> geleite ich Sie also zu einem sehr g\u00fcnstigen und dennoch sicheren Wohnmobil-Gebrauchtkauf. Sie erhalten zum Beispiel eine Checkliste f\u00fcr Besichtigungstermine mit einer genauen Auflistung aller zu \u00fcberpr\u00fcfenden Punkte. Ich stelle Ihnen die Basisfahrzeuge \u00e4lterer Wohnmobile vor und empfehle eine Auswahl der solidesten Typen und Motoren.\u00a0In speziellen Videos bespreche ich aktuelle Wohnmobil-Inserate auf Gebrauchtb\u00f6rsen (v.a. Kleinanzeigen) und zeige Ihnen dabei worauf man achten sollte und wie Sie bereits online eine geeignete Vorauswahl treffen. Dabei werden in einigen Videos auch Inserate zu Wohnmobilen der n\u00e4chsth\u00f6heren Preisbereiche vorgestellt, also bis 7.500 Euro oder bis 10.000 Euro. Zudem wird es viele Beitr\u00e4ge und Videos mit technischen und sonstigen Erl\u00e4uterungen zu Wohnmobilen geben sowie DIY-Anleitungen und vieles mehr.<br \/><br \/><br \/><\/p>\r\n<\/div>\r\n<\/div>\r\n<div class=\"wp-block-column is-vertically-aligned-top\">\r\n<h3 class=\"wp-block-heading has-text-color\" style=\"color: #bd181c; font-size: 26px; text-align: left;\"><strong>Ihr Einstieg ins Thema<br \/><br \/><\/strong><\/h3>\r\n<p>Machen Sie nach dem Lesen dieser Seite hier am besten mit der dreiteiligen\u00a0<strong><a href=\"http:\/\/wohnmobile-unter-5000-euro.de\/wordpress\/2023\/09\/15\/2081\/\">Einf\u00fchrung<\/a><\/strong>\u00a0weiter, vor allem dann, wenn Sie sich noch unsicher sind ob ein altes Wohnmobil das Richtige f\u00fcr Sie ist und wenn Sie die teilweise \u00fcberraschenden Unterschiede zwischen den alten und den neuen Modellen noch nicht kennen! Nach den drei Einf\u00fchrungsbeitr\u00e4gen k\u00f6nnen Sie dann gem\u00e4\u00df Ihren Interessen und Ihrem bisherigen Kenntnisstand mit den\u00a0<strong><a href=\"http:\/\/wohnmobile-unter-5000-euro.de\/wordpress\/beitraegebeitragsuebersicht\/\">nach Themengebieten geordneten weiteren Beitr\u00e4gen<\/a> <\/strong>weitermachen. Wenn Sie noch Einsteiger in die Wohnmobilwelt sind, wird Ihnen das\u00a0<strong><a href=\"http:\/\/wohnmobile-unter-5000-euro.de\/wordpress\/2024\/02\/21\/kleines-wohnmobil-a-bis-z-fuer-einsteiger\/\">Wohnmobil A bis Z<\/a><\/strong>\u00a0beim Verstehen von Fachbegriffen und einigen technischen Zusammenh\u00e4ngen behilflich sein. Betrachten Sie diese Website hier und die in den Beitr\u00e4gen jeweils verlinkten zugeh\u00f6rigen Vorlese-Videos im Kanal sozusagen als das notwendige Basiswissen. Zusammen mit den Erfahrungen, die Sie aus den\u00a0zahlreichen Videos rund um aktuelle Wohnmobil-Inserate gewinnen k\u00f6nnen, geleitet sie dieses Wissen zu einem m\u00f6glichst sicheren Kauf eines sehr g\u00fcnstigen gebrauchten Wohnmobils.<\/p>\r\n<\/div>\r\n<p>&nbsp;<\/p>\r\n<div class=\"wp-block-column is-vertically-aligned-top\">\r\n<h3 class=\"wp-block-heading has-text-color\" style=\"color: #bd181c; font-size: 26px; text-align: left;\"><strong>Zus\u00e4tzliche Inhalte im YouTube-Kanal<\/strong><\/h3>\r\n<p>&nbsp;<\/p>\r\n<p>Im <strong><a href=\"https:\/\/www.youtube.com\/@KANAL-Wohnmobile-unter5000Euro\" target=\"_blank\" rel=\"noopener\">YouTube-Kanal<\/a><\/strong> gibt es neben Vorlese-Videos zu den Beitr\u00e4gen hier auf der Website auch noch weitere Videos anderer Machart, zu denen es hier keine Website-Beitr\u00e4ge gibt. Insbesondere Videos, in denen aktuelle Wohnmobil-Inserate besprochen werden und in denen es anl\u00e4sslich dieser jeweils vorgestellten Fahrzeuge auch immer wieder um Technik und sonstige Themen geht. Es kommen fortlaufend weitere Videos hinzu. Diese erweitern das Basiswissen nach und nach um zus\u00e4tzliche Hinweise, Anleitungen und Einsch\u00e4tzungen rund um Wohnmobile allgemein und rund um den Gebrauchtkauf.\u00a0<br \/><br \/><br \/><\/p>\r\n<\/div>\r\n<div class=\"wp-block-column is-vertically-aligned-top\">\r\n<h3 class=\"wp-block-heading has-text-color\" style=\"color: #bd181c; font-size: 26px; text-align: left;\"><strong>Sie sind bereits kaufentschlossen?<br \/><br \/><\/strong><\/h3>\r\n<p>Wenn Sie zum Kauf eines sehr g\u00fcnstigen \u00e4lteren Wohnmobils bereits entschlossen sind, hilft Ihnen insbesondere der Beitrag \u00fcber\u00a0<a href=\"http:\/\/wohnmobile-unter-5000-euro.de\/wordpress\/2023\/12\/15\/welches-sind-die-verbreitetsten-basisfahrzeuge-alter-wohnmobile\/\"><strong>die g\u00e4ngigsten Basisfahrzeuge \u00e4lterer Wohnmobile<\/strong><\/a>\u00a0bei der\u00a0Auswahl des geeigneten Basisfahrzeugtyps. Die <strong><a href=\"http:\/\/wohnmobile-unter-5000-euro.de\/wordpress\/2023\/12\/20\/checkliste-fuer-den-gebrauchtkauf-alter-wohnmobile\/\">Gebrauchtkauf-Checkliste<\/a><\/strong>\u00a0leitet Sie dann Punkt f\u00fcr Punkt dabei an, wie Sie bei der Suche nach einem Wohnmobil in den Onlineb\u00f6rsen, bei dessen ausf\u00fchrlicher \u00dcberpr\u00fcfung w\u00e4hrend des Besichtigungstermins und schlie\u00dflich beim Kauf per Kaufvertrag am besten vorgehen. Auch die <strong><a href=\"https:\/\/www.youtube.com\/playlist?list=PL9uyW4-4s7isZUFB0dvFvwFCz2BbTld8O\" target=\"_blank\" rel=\"noopener\">Videos zu aktuellen Inseraten<\/a><\/strong>sind f\u00fcr Kaufentschlossene sehr interessant. Zum einen wird auch in diesen Videos neben der Vorstellung der Wohnmobile noch so einiges an Wissen und Erfahrungen vermittelt und zum anderen ist ja bei den vorgestellten Fahrzeugen eventuell auch bereits ein passendes Gef\u00e4hrt dabei.<\/p>\r\n<\/div>\r\n<p>&nbsp;<\/p>\r\n<h3 class=\"wp-block-heading has-text-color\" style=\"color: #bd181c; font-size: 26px; text-align: left;\"><strong>Sie m\u00f6chten meine kostenpflichtige Hilfe in Anspruch nehmen?<\/strong><\/h3>\r\n<p>Aufgrund der vielen Anfragen, die unter den Besuchern meiner Website und meines Youtube-Kanals bez\u00fcglich der Verf\u00fcgbarkeit eines derartigen Services an mich gestellt wurden, biete ich \u00fcber die Website<strong> <a href=\"https:\/\/Wohnmobile-Gebrauchtkauf.de\" target=\"_blank\" rel=\"noopener\">Wohnmobile-Gebrauchtkauf.de<\/a><\/strong>\u00a0nun auch meine kostenflichtige fachkundige Hilfe beim Kauf \u00e4lterer gebrauchter Wohnmobile an.<\/p>","protected":false},"excerpt":{"rendered":"<p>Informieren spart Geld F\u00fcr ein zuverl\u00e4ssiges Wohnmobil m\u00fcssen Sie nicht unbedingt viel Geld ausgeben! Wenn Sie vor dem Kauf etwas Zeit investieren, um sich einige wichtige Kenntnisse anzueignen, k\u00f6nnen Sie erstens eine gute Vorauswahl zugunsten eines soliden und bew\u00e4hrten Modells treffen und zweitens das individuelle Fahrzeug bei der Besichtigung Punkt f\u00fcr Punkt gem\u00e4\u00df einer Checkliste&hellip; <a class=\"more-link\" href=\"https:\/\/wohnmobile-unter-5000-euro.de\/wordpress\/starten-sie-hier\/\"><span class=\"screen-reader-text\">Worum geht es hier?<\/span> weiterlesen<\/a><\/p>\n","protected":false},"author":1,"featured_media":0,"parent":0,"menu_order":0,"comment_status":"closed","ping_status":"closed","template":"","meta":{"footnotes":""},"class_list":["post-3191","page","type-page","status-publish","hentry","entry"],"_links":{"self":[{"href":"https:\/\/wohnmobile-unter-5000-euro.de\/wordpress\/wp-json\/wp\/v2\/pages\/3191","targetHints":{"allow":["GET"]}}],"collection":[{"href":"https:\/\/wohnmobile-unter-5000-euro.de\/wordpress\/wp-json\/wp\/v2\/pages"}],"about":[{"href":"https:\/\/wohnmobile-unter-5000-euro.de\/wordpress\/wp-json\/wp\/v2\/types\/page"}],"author":[{"embeddable":true,"href":"https:\/\/wohnmobile-unter-5000-euro.de\/wordpress\/wp-json\/wp\/v2\/users\/1"}],"replies":[{"embeddable":true,"href":"https:\/\/wohnmobile-unter-5000-euro.de\/wordpress\/wp-json\/wp\/v2\/comments?post=3191"}],"version-history":[{"count":99,"href":"https:\/\/wohnmobile-unter-5000-euro.de\/wordpress\/wp-json\/wp\/v2\/pages\/3191\/revisions"}],"predecessor-version":[{"id":3550,"href":"https:\/\/wohnmobile-unter-5000-euro.de\/wordpress\/wp-json\/wp\/v2\/pages\/3191\/revisions\/3550"}],"wp:attachment":[{"href":"https:\/\/wohnmobile-unter-5000-euro.de\/wordpress\/wp-json\/wp\/v2\/media?parent=3191"}],"curies":[{"name":"wp","href":"https:\/\/api.w.org\/{rel}","templated":true}]}}